{"id":6220,"date":"2025-12-31T22:32:35","date_gmt":"2025-12-31T21:32:35","guid":{"rendered":"http:\/\/korektura.si\/izdelek\/alficolor-spreji\/"},"modified":"2026-02-23T15:18:49","modified_gmt":"2026-02-23T14:18:49","slug":"alficolor-sprejevi","status":"publish","type":"product","link":"https:\/\/korektura.si\/hr\/proizvod\/alficolor-sprejevi\/","title":{"rendered":"Alficolor sprejevi"},"content":{"rendered":"<h3>Tehni\u010dki podaci za sprejeve<\/h3>\n<h4>Su\u0161enje<\/h4>\n<ul>\n<li>Suho: nakon pribli\u017eno 10 minuta<\/li>\n<li>Otporno na dodir: nakon pribli\u017eno 30 minuta<\/li>\n<li>Potpuno suho: nakon pribli\u017eno 2 sata<\/li>\n<\/ul>\n<p>Navedeni podaci vrijede u standardnim uvjetima: 20 \u00b0C i 50 % relativne vla\u017enosti zraka. Vrijeme su\u0161enja ovisi o temperaturi, vla\u017enosti i debljini nanosa.)<\/p>\n<h4>Temperaturna postojanost<\/h4>\n<ul>\n<li>Do 80 \u00b0C<\/li>\n<\/ul>\n<h4>Rok trajanja \/ skladi\u0161tenje<\/h4>\n<ul>\n<li>Minimalni rok trajanja: 2 godine u zatvorenoj ambala\u017ei<\/li>\n<li>Uvjeti skladi\u0161tenja: 10\u201325 \u00b0C, relativna vla\u017enost zraka \u2264 60 %<\/li>\n<\/ul>\n<h4>Oblik isporuke<\/h4>\n<ul>\n<li>Teku\u0107a boja<\/li>\n<li>Sadr\u017eaj: limenka s 150 ml laka<\/li>\n<\/ul>\n","protected":false},"excerpt":{"rendered":"<h2>Popravak i potpuno uskla\u0111ivanje boje<\/h2>\n<p>Za uskla\u0111ivanje boje metalnih dijelova s Euras-Color nijansama dostupni su ALFICOLOR sprejevi.<\/p>\n<p>Za\u0161to ALFICOLOR?<\/p>\n<ul>\n<li>potpuno uskla\u0111ivanje boje s nijansama C0, C31, C32, C33, C34 i C35<\/li>\n<li>premium akrilni lakovi<\/li>\n<li>osiguravaju izvrsnu postojanost i dugotrajnu za\u0161titu<\/li>\n<li>brza, \u010dista i jednostavna upotreba<\/li>\n<\/ul>\n","protected":false},"featured_media":6166,"template":"","meta":[],"product_brand":[],"product_cat":[33],"product_tag":[],"class_list":{"0":"post-6220","1":"product","2":"type-product","3":"status-publish","4":"has-post-thumbnail","6":"product_cat-uncategorized-hr","8":"first","9":"instock","10":"shipping-taxable","11":"product-type-simple"},"_links":{"self":[{"href":"https:\/\/korektura.si\/hr\/wp-json\/wp\/v2\/product\/6220","targetHints":{"allow":["GET"]}}],"collection":[{"href":"https:\/\/korektura.si\/hr\/wp-json\/wp\/v2\/product"}],"about":[{"href":"https:\/\/korektura.si\/hr\/wp-json\/wp\/v2\/types\/product"}],"wp:featuredmedia":[{"embeddable":true,"href":"https:\/\/korektura.si\/hr\/wp-json\/wp\/v2\/media\/6166"}],"wp:attachment":[{"href":"https:\/\/korektura.si\/hr\/wp-json\/wp\/v2\/media?parent=6220"}],"wp:term":[{"taxonomy":"product_brand","embeddable":true,"href":"https:\/\/korektura.si\/hr\/wp-json\/wp\/v2\/product_brand?post=6220"},{"taxonomy":"product_cat","embeddable":true,"href":"https:\/\/korektura.si\/hr\/wp-json\/wp\/v2\/product_cat?post=6220"},{"taxonomy":"product_tag","embeddable":true,"href":"https:\/\/korektura.si\/hr\/wp-json\/wp\/v2\/product_tag?post=6220"}],"curies":[{"name":"wp","href":"https:\/\/api.w.org\/{rel}","templated":true}]}}