{"id":6224,"date":"2025-12-31T21:12:07","date_gmt":"2025-12-31T20:12:07","guid":{"rendered":"http:\/\/korektura.si\/izdelek\/plr-korekture\/"},"modified":"2026-02-23T15:54:05","modified_gmt":"2026-02-23T14:54:05","slug":"plr-korekcije","status":"publish","type":"product","link":"https:\/\/korektura.si\/hr\/proizvod\/plr-korekcije\/","title":{"rendered":"PLR korekcije"},"content":{"rendered":"<h3>Tehni\u010dki podaci za PLR korekcije<\/h3>\n<h4>Su\u0161enje<\/h4>\n<ul>\n<li>Suho: nakon otprilike 15 minuta<\/li>\n<li>Otporno na dodir: nakon otprilike 40 minuta<\/li>\n<li>Potpuno suho: nakon otprilike 24 sata<\/li>\n<\/ul>\n<p>Navedeni podaci vrijede u standardnim uvjetima: 20 \u00b0C i 50 % relativne vla\u017enosti zraka. Vrijeme su\u0161enja ovisi o temperaturi okoline, vla\u017enosti i debljini nanosa.<\/p>\n<h4>Temperaturna postojanost<\/h4>\n<ul>\n<li>Do 80 \u00b0C<\/li>\n<\/ul>\n<h4>Rok trajanja \/ skladi\u0161tenje<\/h4>\n<ul>\n<li>Minimalni rok trajanja: 2 godine u zatvorenoj ambala\u017ei<\/li>\n<li>Uvjeti skladi\u0161tenja: 10\u201325 \u00b0C, relativna vla\u017enost zraka \u2264 60 %<\/li>\n<\/ul>\n<h4>Oblik isporuke<\/h4>\n<ul>\n<li style=\"list-style-type: none;\">\n<ul>\n<li>Akrilni lak<\/li>\n<li>Sadr\u017eaj: korektivni \u201csvin\u010dnik\u201d s 12 ml laka<\/li>\n<\/ul>\n<\/li>\n<\/ul>\n","protected":false},"excerpt":{"rendered":"<h2>PLR korekcije \u2013 potpuno uskla\u0111ivanje boje bez tragova popravka<\/h2>\n<p>Sistem PLR je napredno dizajnirana kombinacija prozirne osnovne boje (akrilni lak) i posebnog zatvara\u010da s kistom koji se lako napuni odgovaraju\u0107om pra\u0161nom bojom. Poklopac posudice slu\u017ei i kao mjera za pra\u0161nu boju.<\/p>\n<p>Na ovaj na\u010din mo\u017eete brzo i jednostavno \u2014 kako u radionici tako i na terenu \u2014 pripremiti popravni premaz koji se potpuno sla\u017ee s originalnom bojom.<\/p>\n","protected":false},"featured_media":6225,"template":"","meta":[],"product_brand":[],"product_cat":[33],"product_tag":[],"class_list":{"0":"post-6224","1":"product","2":"type-product","3":"status-publish","4":"has-post-thumbnail","6":"product_cat-uncategorized-hr","8":"first","9":"instock","10":"shipping-taxable","11":"product-type-simple"},"_links":{"self":[{"href":"https:\/\/korektura.si\/hr\/wp-json\/wp\/v2\/product\/6224","targetHints":{"allow":["GET"]}}],"collection":[{"href":"https:\/\/korektura.si\/hr\/wp-json\/wp\/v2\/product"}],"about":[{"href":"https:\/\/korektura.si\/hr\/wp-json\/wp\/v2\/types\/product"}],"wp:featuredmedia":[{"embeddable":true,"href":"https:\/\/korektura.si\/hr\/wp-json\/wp\/v2\/media\/6225"}],"wp:attachment":[{"href":"https:\/\/korektura.si\/hr\/wp-json\/wp\/v2\/media?parent=6224"}],"wp:term":[{"taxonomy":"product_brand","embeddable":true,"href":"https:\/\/korektura.si\/hr\/wp-json\/wp\/v2\/product_brand?post=6224"},{"taxonomy":"product_cat","embeddable":true,"href":"https:\/\/korektura.si\/hr\/wp-json\/wp\/v2\/product_cat?post=6224"},{"taxonomy":"product_tag","embeddable":true,"href":"https:\/\/korektura.si\/hr\/wp-json\/wp\/v2\/product_tag?post=6224"}],"curies":[{"name":"wp","href":"https:\/\/api.w.org\/{rel}","templated":true}]}}