{"id":6230,"date":"2025-12-31T22:13:19","date_gmt":"2025-12-31T21:13:19","guid":{"rendered":"http:\/\/korektura.si\/izdelek\/alupolish-polirna-pasta\/"},"modified":"2026-02-23T15:59:28","modified_gmt":"2026-02-23T14:59:28","slug":"alupolish-polirna-pasta","status":"publish","type":"product","link":"https:\/\/korektura.si\/hr\/proizvod\/alupolish-polirna-pasta\/","title":{"rendered":"Alupolish polirna pasta"},"content":{"rendered":"<h3>Tehni\u010dki podaci<\/h3>\n<h4>Koli\u010dina uporabe<\/h4>\n<ul>\n<li>Ovisi o vrsti i veli\u010dini povr\u0161ine koja se \u010disti.<\/li>\n<\/ul>\n<h4>pH vrijednost<\/h4>\n<ul>\n<li>Neutralna<\/li>\n<\/ul>\n<h4>Oblik isporuke<\/h4>\n<ul>\n<li>Pasta \/ 100 ml, 1000 ml, po narud\u017ebi<\/li>\n<\/ul>\n","protected":false},"excerpt":{"rendered":"<h2>Neizostavno za sve koji rade s aluminijem!<\/h2>\n<p>Eloksirane (anodizirane) povr\u0161ine su vrlo otporne, dekorativne i gotovo neosjetljive. Kako bi odr\u017eali njihov atraktivan izgled i za\u0161titna svojstva, potrebna je redovita njega. Za tu svrhu preporu\u010dujemo na\u0161 \u010distilni pripravak (polirnu pastu) za eloksirane povr\u0161ine ALUPOLISH, koja se ve\u0107 godinama uspje\u0161no koristi i odobrena je od strane Saveza za \u010di\u0161\u0107enje metalnih fasada (GRM) (br. odobrenja 108a).<\/p>\n<p>ALUPOLISH u samo jednom koraku \u010disti, njeguje i konzervira povr\u0161inu. Njegov nje\u017eni abrazivni u\u010dinak omogu\u0107uje u\u010dinkovito \u010di\u0161\u0107enje, a da se pritom ne o\u0161teti eloksirani sloj.<\/p>\n<p>Za \u010di\u0161\u0107enje manjih eloksiranih povr\u0161ina dostupne su i posebne \u010distilne gume s intenzivnim abrazivnim u\u010dinkom, koje u\u010dinkovito uklanjaju i tvrdokorne ne\u010disto\u0107e.<\/p>\n","protected":false},"featured_media":6165,"template":"","meta":[],"product_brand":[],"product_cat":[33],"product_tag":[],"class_list":{"0":"post-6230","1":"product","2":"type-product","3":"status-publish","4":"has-post-thumbnail","6":"product_cat-uncategorized-hr","8":"first","9":"instock","10":"shipping-taxable","11":"product-type-simple"},"_links":{"self":[{"href":"https:\/\/korektura.si\/hr\/wp-json\/wp\/v2\/product\/6230","targetHints":{"allow":["GET"]}}],"collection":[{"href":"https:\/\/korektura.si\/hr\/wp-json\/wp\/v2\/product"}],"about":[{"href":"https:\/\/korektura.si\/hr\/wp-json\/wp\/v2\/types\/product"}],"wp:featuredmedia":[{"embeddable":true,"href":"https:\/\/korektura.si\/hr\/wp-json\/wp\/v2\/media\/6165"}],"wp:attachment":[{"href":"https:\/\/korektura.si\/hr\/wp-json\/wp\/v2\/media?parent=6230"}],"wp:term":[{"taxonomy":"product_brand","embeddable":true,"href":"https:\/\/korektura.si\/hr\/wp-json\/wp\/v2\/product_brand?post=6230"},{"taxonomy":"product_cat","embeddable":true,"href":"https:\/\/korektura.si\/hr\/wp-json\/wp\/v2\/product_cat?post=6230"},{"taxonomy":"product_tag","embeddable":true,"href":"https:\/\/korektura.si\/hr\/wp-json\/wp\/v2\/product_tag?post=6230"}],"curies":[{"name":"wp","href":"https:\/\/api.w.org\/{rel}","templated":true}]}}